{"id":306,"date":"2018-06-07T09:50:59","date_gmt":"2018-06-07T07:50:59","guid":{"rendered":"http:\/\/www.beakn.sk\/?page_id=306"},"modified":"2018-06-07T15:53:55","modified_gmt":"2018-06-07T13:53:55","slug":"gdpr","status":"publish","type":"page","link":"http:\/\/www.beakn.sk\/index.php\/gdpr\/","title":{"rendered":"GDPR"},"content":{"rendered":"<p><strong>Inform\u00e1cie o\u00a0sprac\u00favan\u00ed osobn\u00fdch \u00fadajov<\/strong><\/p>\n<p>V\u00a0s\u00favislosti so sprac\u00favan\u00edm osobn\u00fdch \u00fadajov, V\u00e1m v\u00a0zmysle \u010dl. 13 Nariadenia Eur\u00f3pskeho parlamentu\u00a0 a\u00a0Rady E\u00da 2016\/679 (GDPR) z\u00a027. apr\u00edla 2016 o\u00a0ochrane fyzick\u00fdch os\u00f4b pri sprac\u00favan\u00ed osobn\u00fdch \u00fadajov a\u00a0vo\u013enom pohybe tak\u00fdchto \u00fadajov, poskytujeme nasleduj\u00face inform\u00e1cie.<\/p>\n<p><strong>Kto je prev\u00e1dzkovate\u013e<\/strong><\/p>\n<p>Prev\u00e1dzkovate\u013eom, ktor\u00fd ur\u010dil \u00fa\u010dely a prostriedky sprac\u00favania va\u0161ich osobn\u00fdch \u00fadajov je spolo\u010dnos\u0165 Peter Teskal \u2013 B.E.A., Baj\u010dsk\u00e1 732\/19, 94652 ime\u013e, I\u010cO:33940185. M\u00f4\u017eete sa na n\u00e1s obr\u00e1ti\u0165 telefonicky na \u010d\u00edsle +421 905650683, p\u00edsomne na adrese Peter Teskal \u2013 B.E.A., Dunajsk\u00e9 n\u00e1bre\u017eie 39, 94501 Kom\u00e1rno, alebo\u00a0 e-mailom info@beakn.sk<\/p>\n<p><strong>Rozsah osobn\u00fdch \u00fadajov<\/strong><\/p>\n<p>Minimalizujeme rozsah osobn\u00fdch \u00fadajov ktor\u00e9 sprac\u00favame, tak aby posta\u010dovali na kvalitn\u00e9 splnenie slu\u017eieb, ktor\u00e9 od n\u00e1s o\u010dak\u00e1vate, tak aby sme splnili z\u00e1konn\u00e9 povinnosti, a\u00a0tak aby sme chr\u00e1nili na\u0161e opr\u00e1vnen\u00e9 z\u00e1ujmy. Sprac\u00favame ako osobn\u00e9 \u00fadaje na\u0161ich z\u00e1kazn\u00edkov, ako aj osobn\u00e9 \u00fadaje na\u0161ich potenci\u00e1lnych z\u00e1kazn\u00edkov, ktor\u00ed n\u00e1m na to dali s\u00fahlas. Sprac\u00favame tieto kateg\u00f3rie osobn\u00fdch \u00fadajov:<\/p>\n<ul>\n<li>Z\u00e1kladn\u00e9 \u00fadaje, ktor\u00fdmi s\u00fa va\u0161e meno a\u00a0priezvisko, adresa bydliska, pr\u00edpadne I\u010cO, ak ste podnikate\u013e \u2013 fyzick\u00e1 osoba (\u017eivnostn\u00edk).<\/li>\n<li>Kontaktn\u00e9 \u00fadaje, ktor\u00fdmi s\u00fa V\u00e1\u0161 e-mail, telef\u00f3nne \u010d\u00edslo, alebo kontaktn\u00e1 adresa.<\/li>\n<li>Z\u00e1znamy e-mailovej pr\u00edpadne in\u00fa komunik\u00e1ciu s\u00a0vami v\u00a0elektronickej, alebo p\u00edsomnej podobe.<\/li>\n<li>Transak\u010dn\u00e9 \u00fadaje, predov\u0161etk\u00fdm inform\u00e1cie o\u00a0va\u0161ich platb\u00e1ch a platobn\u00fdch met\u00f3dach.<\/li>\n<\/ul>\n<p><strong>\u00da\u010dely sprac\u00favania osobn\u00fdch \u00fadajov<\/strong><\/p>\n<p>Va\u0161e osobn\u00e9 \u00fadaje sprac\u00favame predov\u0161etk\u00fdm pre potrebu uzatv\u00e1rania k\u00fapnych zml\u00fav, ktor\u00fdch predmetom je dod\u00e1vka n\u00e1\u0161ho tovaru a\u00a0slu\u017eieb. T\u00e1to \u010dinnos\u0165 zah\u0155\u0148a predov\u0161etk\u00fdm, pr\u00edjem a \u00a0spracovanie objedn\u00e1vok, vystavovanie fakt\u00far a da\u0148ov\u00fdch dokladov, evidenciu platieb, odosielanie tovaru na zvolen\u00fa adresu pod.<\/p>\n<p>Pre riadne splnenie si v\u0161etk\u00fdch z\u00e1konn\u00fdch povinnost\u00ed, sprac\u00favame osobn\u00e9 \u00fadaje aj pre \u00fa\u010dely vedenie \u00fa\u010dtovn\u00edctva, spr\u00e1vy registrat\u00fary, \u010di vybavovania reklam\u00e1ci\u00ed a\u00a0s\u0165a\u017enost\u00ed. V\u00a0niektor\u00fdch pr\u00edpadoch je potrebn\u00e9 osobn\u00fa \u00fadaje spracova\u0165 aj na \u00fa\u010dely s\u00fadnych sporov a\u00a0mimos\u00fadneho vym\u00e1hania poh\u013ead\u00e1vok.<\/p>\n<p><strong>Pr\u00e1vne z\u00e1klady sprac\u00favania osobn\u00fdch \u00fadajov<\/strong><\/p>\n<p>Va\u0161e osobn\u00e9 \u00fadaje sprac\u00favame v\u00a0s\u00falade so z\u00e1konom, iba na z\u00e1klade pr\u00e1vnych z\u00e1kladov pr\u00edpadoch ke\u010f:<\/p>\n<ul>\n<li>Je sprac\u00favanie osobn\u00fdch \u00fadajov nevyhnutn\u00e9 pre splnenie zmluvy (napr\u00edklad k\u00fapnej zmluvy) a\u00a0vy ste zmluvnou stranou, alebo ste n\u00e1s po\u017eiadali o\u00a0vykonanie opatren\u00ed pred uzatvoren\u00edm zmluvy<\/li>\n<li>Alebo je sprac\u00favanie osobn\u00fdch \u00fadajov nevyhnutn\u00e9 pre splnenie si povinnost\u00ed v\u00a0r\u00e1mci z\u00e1kona o dani z pridanej hodnoty, z\u00e1kona o \u00fa\u010dtovn\u00edctve<\/li>\n<li>Alebo je sprac\u00favanie va\u0161ich osobn\u00fdch \u00fadajov nevyhnutn\u00e9 v\u00a0r\u00e1mci n\u00e1\u0161ho opr\u00e1vnen\u00e9ho z\u00e1ujmu, ktor\u00e9 sledujeme a\u00a0n\u00edm je predov\u0161etk\u00fdm ponuka a\u00a0predaj tovaru a\u00a0slu\u017eieb na\u0161im z\u00e1kazn\u00edkom<\/li>\n<li>Alebo ste n\u00e1m udelili v\u00e1\u0161 s\u00fahlas na jeden, alebo viacer\u00e9 \u00fa\u010dely. Tie m\u00f4\u017eu zah\u0155\u0148a\u0165 najm\u00e4 \u010dinnosti spojen\u00e9 s\u00a0ponukou tovaru slu\u017eieb, alebo sprac\u00favanie s\u00a0cie\u013eom prisp\u00f4sobi\u0165 ponuku va\u0161im o\u010dak\u00e1vaniam.<\/li>\n<\/ul>\n<p><strong>Kateg\u00f3rie pr\u00edjemcov<\/strong><\/p>\n<p>Osobn\u00e9 \u00fadaje m\u00f4\u017eu by\u0165 pri sprac\u00favan\u00ed poskytnut\u00e9 nasleduj\u00facim kateg\u00f3ri\u00e1m pr\u00edjemcov:<\/p>\n<ul>\n<li>Kuri\u00e9rske a\u00a0prepravn\u00e9 spolo\u010dnosti, po\u0161ta<\/li>\n<li>Gli\u010dov\u00e1 s.r.o., Hadovce \u010d.179, 94501 Kom\u00e1rno, I\u010cO: 36560782 &#8211; \u00fa\u010dtovn\u00edcka kancel\u00e1ria<\/li>\n<\/ul>\n<p><strong>Doba uschov\u00e1vania osobn\u00fdch \u00fadajov.<\/strong><\/p>\n<ul>\n<li>V\u00a0pr\u00edpade opr\u00e1vnen\u00e9ho z\u00e1ujmu, budeme va\u0161e osobn\u00e9 \u00fadaje sprac\u00fava\u0165, pokia\u013e nebudete spracovanie namieta\u0165, po dobu ktor\u00e1 je opodstatnen\u00e1 na vzh\u013eadom k\u00a0\u017eivotn\u00e9mu cyklu, zak\u00fapen\u00e9ho produktu alebo slu\u017eby, aby sme v\u00e1m mohli pon\u00faka\u0165 a\u00a0poskytova\u0165 s\u00favisiace produkty a\u00a0slu\u017eby.<\/li>\n<li>V\u00a0pr\u00edpade plnenie zmluvy budeme va\u0161e osobn\u00e9 \u00fadaje sprac\u00fava\u0165 po dobu, po\u010das ktorej trv\u00e1 zmluvn\u00fd vz\u0165ah, vr\u00e1tane z\u00e1ruky a\u00a0reklama\u010dn\u00fdch podmienok<\/li>\n<li>V\u00a0pr\u00edpade plnenie z\u00e1konnej povinnosti, budeme va\u0161e osobn\u00e9 \u00fadaje sprac\u00fava\u0165 po dobu, ktor\u00fa n\u00e1m uklad\u00e1 z\u00e1kon. V\u00a0pr\u00edpade z\u00e1kona o\u00a0\u00fa\u010dtovn\u00edctve, z\u00e1kona o\u00a0DPH a\u00a0pod. m\u00f4\u017ee by\u0165 lehota 10 rokov.<\/li>\n<\/ul>\n<p><strong>Va\u0161e pr\u00e1va ako dotknut\u00fdch os\u00f4b<\/strong><\/p>\n<p>Pri sprac\u00favan\u00ed va\u0161ich osobn\u00fdch \u00fadajov sme pripraven\u00fd vykon\u00e1va\u0165 Va\u0161e pr\u00e1va.<\/p>\n<ul>\n<li>M\u00e1te <strong>pr\u00e1vo na pr\u00edstupu k\u00a0svojim osobn\u00fdch \u00fadajov<\/strong>, ako aj pr\u00e1vo vedie\u0165 na ak\u00fd \u00fa\u010del s\u00fa sprac\u00favan\u00e9, kto s\u00fa pr\u00edjemcovia va\u0161ich osobn\u00fdch \u00fadajov, ak\u00e1 je doba sprac\u00favania.<\/li>\n<li>M\u00e1te <strong>pr\u00e1vo na opravu<\/strong>, pokia\u013e s\u00fa va\u0161e osobn\u00fa \u00fadaje nespr\u00e1vne alebo sa zmenili, kontaktuje n\u00e1s, oprav\u00edme ich.<\/li>\n<li>M\u00e1te <strong>pr\u00e1vo na v\u00fdmaz<\/strong> osobn\u00fdch \u00fadajov, pokia\u013e s\u00fa nespr\u00e1vne, alebo sprac\u00favan\u00e9 nez\u00e1konne.<\/li>\n<li>Ak s\u00fa va\u0161e osobn\u00e9 \u00fadaje sprac\u00favan\u00e9 na z\u00e1klade s\u00fahlasu, m\u00e1te pr\u00e1vo ho kedyko\u013evek svoj <strong>s\u00fahlas odvola\u0165<\/strong>, bez toho, aby to malo vplyv na z\u00e1konnos\u0165 sprac\u00favania zalo\u017een\u00e9ho na s\u00fahlase udelenom pred jeho odvolan\u00edm.<\/li>\n<li>M\u00e1te <strong>pr\u00e1vo na obmedzenie sprac\u00favania<\/strong>, pokia\u013e si \u017eel\u00e1te budeme \u00fadaje sprac\u00fava\u0165 iba na najnutnej\u0161ie z\u00e1konn\u00e9 d\u00f4vody, alebo v\u00f4bec.<\/li>\n<li>M\u00e1te <strong>pr\u00e1vo namieta\u0165 a automatizovan\u00e9 individu\u00e1lne rozhodovanie<\/strong>, pokia\u013e zist\u00edte, alebo si mysl\u00edte, \u017ee toto sprac\u00favanie je nez\u00e1konn\u00e9, alebo v\u00a0rozpore s\u00a0va\u0161imi pr\u00e1vami.<\/li>\n<li>M\u00e1te <strong>pr\u00e1vo na prenosnos\u0165 \u00fadajov<\/strong>, ak si \u017eel\u00e1te prenies\u0165 ich k\u00a0in\u00e9mu prev\u00e1dzkovate\u013eovi, poskytneme v\u00e1m ich v\u00a0zodpovedaj\u00facom form\u00e1te, ak tomu nebud\u00fa br\u00e1ni\u0165 in\u00e9 technick\u00e9, alebo z\u00e1konn\u00e9 prek\u00e1\u017eky.<\/li>\n<\/ul>\n<p>Rovnako tie\u017e <strong>pr\u00e1vo poda\u0165 s\u0165a\u017enos\u0165 dozorn\u00e9mu org\u00e1nu<\/strong>, ktor\u00fdm je \u00darad pre ochranu osobn\u00fdch \u00fadajov Slovenskej republiky, so s\u00eddlom Hrani\u010dn\u00e1 12, 820 07 Bratislava 27, Slovensk\u00e1 republika, I\u010cO: 36 064 220, tel. \u010d.: +421 2 3231 3220, <a href=\"https:\/\/dataprotection.gov.sk\/uoou\/\">https:\/\/dataprotection.gov.sk\/uoou\/<\/a><\/p>\n<p><strong>Kde a\u00a0ako m\u00f4\u017eete svoje pr\u00e1va uplatni\u0165<\/strong><\/p>\n<p>Va\u0161e pr\u00e1va m\u00f4\u017eete uplatni\u0165 zavolan\u00edm na telef\u00f3nne \u010d\u00edslo +4210905650683, p\u00edsomne na adrese Dunajsk\u00e9 n\u00e1bre\u017eie 39, 94501 Kom\u00e1rno, alebo\u00a0 e-mailom info@beakn.sk.<\/p>\n<p>Na va\u0161u \u017eiados\u0165 odpovieme bezplatne v\u00a0lehote do 30 dn\u00ed. V\u00a0pr\u00edpade zlo\u017eitosti, alebo ve\u013ek\u00e9ho po\u010dtu \u017eiadost\u00ed sme opr\u00e1vnen\u00fd t\u00fato lehotu pred\u013a\u017ei\u0165 o\u00a0\u010fal\u0161\u00edch 60 dn\u00ed. Pokia\u013e k\u00a0tomu d\u00f4jde budeme V\u00e1s o\u00a0tom, aj o\u00a0d\u00f4vodoch informova\u0165.<\/p>\n<p>Ak bude ale va\u0161a \u017eiados\u0165 zjavne neod\u00f4vodnen\u00e1, alebo opakovan\u00e1, sme opr\u00e1vnen\u00fd \u00fa\u010dtova\u0165 si primeran\u00fd primeran\u00fd administrat\u00edvny poplatok na pokrytie n\u00e1kladov spojen\u00fdch s\u00a0poskytnut\u00edm tejto slu\u017eby<\/p>\n<p><strong>Prenos do tret\u00edch kraj\u00edn<\/strong><\/p>\n<p>\u00dadaje sa nepren\u00e1\u0161aj\u00fa<\/p>\n","protected":false},"excerpt":{"rendered":"<p>Inform\u00e1cie o\u00a0sprac\u00favan\u00ed osobn\u00fdch \u00fadajov V\u00a0s\u00favislosti so sprac\u00favan\u00edm osobn\u00fdch \u00fadajov, V\u00e1m v\u00a0zmysle \u010dl. 13 Nariadenia Eur\u00f3pskeho parlamentu\u00a0 a\u00a0Rady E\u00da 2016\/679 (GDPR) z\u00a027. apr\u00edla 2016 o\u00a0ochrane fyzick\u00fdch os\u00f4b pri sprac\u00favan\u00ed osobn\u00fdch \u00fadajov a\u00a0vo\u013enom pohybe tak\u00fdchto \u00fadajov, poskytujeme nasleduj\u00face inform\u00e1cie. Kto je prev\u00e1dzkovate\u013e Prev\u00e1dzkovate\u013eom, ktor\u00fd ur\u010dil \u00fa\u010dely a prostriedky sprac\u00favania va\u0161ich osobn\u00fdch \u00fadajov je spolo\u010dnos\u0165 Peter Teskal \u2013&#8230;<\/p>\n","protected":false},"author":1,"featured_media":0,"parent":0,"menu_order":0,"comment_status":"closed","ping_status":"closed","template":"","meta":[],"_links":{"self":[{"href":"http:\/\/www.beakn.sk\/index.php\/wp-json\/wp\/v2\/pages\/306"}],"collection":[{"href":"http:\/\/www.beakn.sk\/index.php\/wp-json\/wp\/v2\/pages"}],"about":[{"href":"http:\/\/www.beakn.sk\/index.php\/wp-json\/wp\/v2\/types\/page"}],"author":[{"embeddable":true,"href":"http:\/\/www.beakn.sk\/index.php\/wp-json\/wp\/v2\/users\/1"}],"replies":[{"embeddable":true,"href":"http:\/\/www.beakn.sk\/index.php\/wp-json\/wp\/v2\/comments?post=306"}],"version-history":[{"count":6,"href":"http:\/\/www.beakn.sk\/index.php\/wp-json\/wp\/v2\/pages\/306\/revisions"}],"predecessor-version":[{"id":313,"href":"http:\/\/www.beakn.sk\/index.php\/wp-json\/wp\/v2\/pages\/306\/revisions\/313"}],"wp:attachment":[{"href":"http:\/\/www.beakn.sk\/index.php\/wp-json\/wp\/v2\/media?parent=306"}],"curies":[{"name":"wp","href":"https:\/\/api.w.org\/{rel}","templated":true}]}}