{"id":26,"date":"2016-05-02T20:43:41","date_gmt":"2016-05-02T18:43:41","guid":{"rendered":"http:\/\/www.beakn.sk\/testweb\/?page_id=26"},"modified":"2016-05-10T11:33:21","modified_gmt":"2016-05-10T09:33:21","slug":"telefonia-voip-riesenia-telefonne-ustredne","status":"publish","type":"page","link":"http:\/\/www.beakn.sk\/index.php\/telefonia-voip-riesenia-telefonne-ustredne\/","title":{"rendered":"telefonia &#8211; VoIP \u00fastredne"},"content":{"rendered":"<section class=\"l-section wpb_row height_medium\"><div class=\"l-section-h i-cf\"><div class=\"g-cols type_default valign_top\"><div class=\"vc_col-sm-10 wpb_column vc_column_container\"><div class=\"vc_column-inner\"><div class=\"wpb_wrapper\">\r\n\t<div class=\"wpb_text_column \">\r\n\t\t<div class=\"wpb_wrapper\">\r\n\t\t\t<p>Produkty VODATECH telef\u00f3nia s\u00fa modern\u00e9 plne digit\u00e1lne telef\u00f3nne \u00fastredne vybaven\u00e9 v\u0161etk\u00fdmi funkciami, ktor\u00e9 s\u00fa be\u017en\u00e9 a\u017e u \u00fastredn\u00ed najvy\u0161\u0161ej triedy.<br \/>\nNahr\u00e1dzaj\u00fa be\u017en\u00fa telef\u00f3nnu \u00fastred\u0148u a navy\u0161e poskytuj\u00fa mno\u017estvo v\u00fdhod:<\/p>\n\r\n\t\t<\/div>\r\n\t<\/div>\r\n<\/div><\/div><\/div><div class=\"vc_col-sm-2 wpb_column vc_column_container\"><div class=\"vc_column-inner\"><div class=\"wpb_wrapper\"><\/div><\/div><\/div><\/div><\/div><\/section><section class=\"l-section wpb_row height_auto\"><div class=\"l-section-h i-cf\"><div class=\"g-cols type_default valign_top\"><div class=\"vc_col-sm-12 wpb_column vc_column_container\"><div class=\"vc_column-inner\"><div class=\"wpb_wrapper\"><div class=\"w-image style_simple\"><div class=\"us-frame\"><img width=\"900\" height=\"705\" src=\"http:\/\/www.beakn.sk\/wp-content\/uploads\/2016\/05\/3ustredne-ok.png\" class=\"attachment-large size-large\" alt=\"\" decoding=\"async\" loading=\"lazy\" srcset=\"http:\/\/www.beakn.sk\/wp-content\/uploads\/2016\/05\/3ustredne-ok.png 900w, http:\/\/www.beakn.sk\/wp-content\/uploads\/2016\/05\/3ustredne-ok-300x235.png 300w, http:\/\/www.beakn.sk\/wp-content\/uploads\/2016\/05\/3ustredne-ok-768x602.png 768w, http:\/\/www.beakn.sk\/wp-content\/uploads\/2016\/05\/3ustredne-ok-600x470.png 600w\" sizes=\"(max-width: 900px) 100vw, 900px\" \/><\/div><\/div><\/div><\/div><\/div><\/div><\/div><\/section><section class=\"l-section wpb_row height_medium\"><div class=\"l-section-h i-cf\"><div class=\"g-cols type_default valign_top\"><div class=\"vc_col-sm-6 wpb_column vc_column_container\"><div class=\"vc_column-inner\"><div class=\"wpb_wrapper\">\r\n\t<div class=\"wpb_text_column \">\r\n\t\t<div class=\"wpb_wrapper\">\r\n\t\t\t<p>&#8211; Umo\u017e\u0148uje spojenie d\u00e1tovej a hlasovej infra\u0161trukt\u00fary do jedn\u00e9ho syst\u00e9mu. V\u010faka tomuto spojeniu je mo\u017en\u00e9 dosiahnu\u0165 v\u00fdrazn\u00e9 \u00faspory v prev\u00e1dzkov\u00fdch n\u00e1kladoch.<\/p>\n<p>&#8211; Je to modul\u00e1rny syst\u00e9m, ktor\u00fd je mo\u017en\u00e9 prisp\u00f4sobi\u0165 v\u0161etk\u00fdm po\u017eiadavk\u00e1m.<\/p>\n<p>&#8211; \u00dastred\u0148u je mo\u017en\u00e9 spravova\u0165 na dia\u013eku, \u010do v\u00fdrazne zni\u017euje n\u00e1klady na prev\u00e1dzku a \u00fadr\u017ebu.<\/p>\n<p>&#8211; Zmeny v nastaven\u00ed \u00fastredne je mo\u017en\u00e9 vykona\u0165 okam\u017eite po nahl\u00e1sen\u00ed po\u017eiadavky nako\u013eko nie je nutn\u00fd v\u00fdjazd servisn\u00e9ho technika.<\/p>\n<p>&#8211; \u013dahk\u00e1 pripojite\u013enos\u0165 vzdialen\u00fdch pracov\u00edsk kdeko\u013evek vo svete cez internet pre volanie medzi nimi zadarmo.<\/p>\n\r\n\t\t<\/div>\r\n\t<\/div>\r\n<\/div><\/div><\/div><div class=\"vc_col-sm-6 wpb_column vc_column_container\"><div class=\"vc_column-inner\"><div class=\"wpb_wrapper\">\r\n\t<div class=\"wpb_text_column \">\r\n\t\t<div class=\"wpb_wrapper\">\r\n\t\t\t<p>&#8211; Pomocou softwarov\u00e9ho telef\u00f3nu sa m\u00f4\u017eete pripoji\u0165 k \u00fastredni a vola\u0165 zadarmo do kancel\u00e1rie odkia\u013eko\u013evek kde je pr\u00edstup na internet.(napr. hotel, letisko at\u010f.)<\/p>\n<p>&#8211; VODATECH telef\u00f3nia je pripraven\u00e1 na pripojenie cenovo v\u00fdhodnej\u0161\u00edch VoIP oper\u00e1torov bez \u010fal\u0161\u00edch vstupn\u00fdch n\u00e1kladov.<\/p>\n<p>&#8211; Ako vstupn\u00fa linku je mo\u017en\u00e9 pou\u017ei\u0165 okrem VoIP (SIP) aj anal\u00f3gov\u00fa linku FXO a digit\u00e1lne ISDN BRI a PRI. (ISDN2 a ISDN30)<\/p>\n<p>&#8211; Mo\u017enos\u0165 pripojenia ak\u00fdchko\u013evek koncov\u00fdch zariaden\u00ed (telef\u00f3n, fax &#8230;) podporuj\u00facich protokol SIP, bez viazanosti na konkr\u00e9tneho v\u00fdrobcu.<\/p>\n\r\n\t\t<\/div>\r\n\t<\/div>\r\n<\/div><\/div><\/div><\/div><\/div><\/section><section class=\"l-section wpb_row height_medium\"><div class=\"l-section-h i-cf\"><div class=\"g-cols type_default valign_top\"><div class=\"vc_col-sm-12 wpb_column vc_column_container\"><div class=\"vc_column-inner\"><div class=\"wpb_wrapper\">\r\n\t<div class=\"wpb_text_column \">\r\n\t\t<div class=\"wpb_wrapper\">\r\n\t\t\t<p><b>z\u00e1kladn\u00e9 funkcie Vodatech telef\u00f3nie<\/b><\/p>\n<table width=\"450\">\n<tbody>\n<tr>\n<td width=\"210\">&#8211; FXO, FXS<br \/>\n&#8211; EuroISDN BRi, EuroISDN PRi<br \/>\n&#8211; SIP a IAX<br \/>\n&#8211; prep\u00ednanie a prevzatie hovoru<br \/>\n&#8211; presmerovanie klapky<br \/>\n&#8211; blokovanie odch\u00e1dzaj\u00facich<br \/>\nhovorov<br \/>\n&#8211; \u010dasov\u00e9 re\u017eimy<\/td>\n<td width=\"155\">&#8211; voice menu<br \/>\n&#8211; voice mail<br \/>\n&#8211; nahr\u00e1vanie hovorov<br \/>\n&#8211; music on hold<br \/>\n&#8211; konferen\u010dn\u00fd hovor<br \/>\n&#8211; konferen\u010dn\u00e9 miestnosti<br \/>\n&#8211; video hovor<br \/>\n&#8211; video konferencia<\/td>\n<td>&#8211; volacie fronty<br \/>\n\u2013 Call centrum<br \/>\n&#8211; oper\u00e1tor panel<br \/>\n&#8211; webov\u00fd mana\u017ement<br \/>\n&#8211; v\u00fdpis hovorov<br \/>\n&#8211; centr\u00e1lny telef\u00f3nny zoznam<br \/>\n&#8211; faxov\u00fd server<br \/>\n&#8211; firewall<\/td>\n<\/tr>\n<\/tbody>\n<\/table>\n\r\n\t\t<\/div>\r\n\t<\/div>\r\n<\/div><\/div><\/div><\/div><\/div><\/section><section class=\"l-section wpb_row height_medium\"><div class=\"l-section-h i-cf\"><div class=\"g-cols type_default valign_top\"><div class=\"vc_col-sm-12 wpb_column vc_column_container\"><div class=\"vc_column-inner\"><div class=\"wpb_wrapper\">\r\n\t<div class=\"wpb_text_column \">\r\n\t\t<div class=\"wpb_wrapper\">\r\n\t\t\t<p><strong>telefonia control center<\/strong><\/p>\n\r\n\t\t<\/div>\r\n\t<\/div>\r\n<\/div><\/div><\/div><\/div><\/div><\/section><section class=\"l-section wpb_row height_auto\"><div class=\"l-section-h i-cf\"><div class=\"g-cols type_default valign_top\"><div class=\"vc_col-sm-12 wpb_column vc_column_container\"><div class=\"vc_column-inner\"><div class=\"wpb_wrapper\"><div class=\"w-image style_simple\"><div class=\"us-frame\"><img width=\"930\" height=\"690\" src=\"http:\/\/www.beakn.sk\/wp-content\/uploads\/2016\/05\/controlcenter.png\" class=\"attachment-large size-large\" alt=\"\" decoding=\"async\" loading=\"lazy\" srcset=\"http:\/\/www.beakn.sk\/wp-content\/uploads\/2016\/05\/controlcenter.png 930w, http:\/\/www.beakn.sk\/wp-content\/uploads\/2016\/05\/controlcenter-300x223.png 300w, http:\/\/www.beakn.sk\/wp-content\/uploads\/2016\/05\/controlcenter-768x570.png 768w, http:\/\/www.beakn.sk\/wp-content\/uploads\/2016\/05\/controlcenter-600x445.png 600w\" sizes=\"(max-width: 930px) 100vw, 930px\" \/><\/div><\/div><\/div><\/div><\/div><\/div><\/div><\/section><section class=\"l-section wpb_row height_medium\"><div class=\"l-section-h i-cf\"><div class=\"g-cols type_default valign_top\"><div class=\"vc_col-sm-12 wpb_column vc_column_container\"><div class=\"vc_column-inner\"><div class=\"wpb_wrapper\">\r\n\t<div class=\"wpb_text_column \">\r\n\t\t<div class=\"wpb_wrapper\">\r\n\t\t\t<p><strong>telefonia fax server<\/strong><\/p>\n\r\n\t\t<\/div>\r\n\t<\/div>\r\n<\/div><\/div><\/div><\/div><\/div><\/section><section class=\"l-section wpb_row height_auto\"><div class=\"l-section-h i-cf\"><div class=\"g-cols type_default valign_top\"><div class=\"vc_col-sm-12 wpb_column vc_column_container\"><div class=\"vc_column-inner\"><div class=\"wpb_wrapper\"><div class=\"w-image style_simple\"><div class=\"us-frame\"><img width=\"871\" height=\"647\" src=\"http:\/\/www.beakn.sk\/wp-content\/uploads\/2016\/05\/telefoniafax.png\" class=\"attachment-large size-large\" alt=\"\" decoding=\"async\" loading=\"lazy\" srcset=\"http:\/\/www.beakn.sk\/wp-content\/uploads\/2016\/05\/telefoniafax.png 871w, http:\/\/www.beakn.sk\/wp-content\/uploads\/2016\/05\/telefoniafax-300x223.png 300w, http:\/\/www.beakn.sk\/wp-content\/uploads\/2016\/05\/telefoniafax-768x570.png 768w, http:\/\/www.beakn.sk\/wp-content\/uploads\/2016\/05\/telefoniafax-600x446.png 600w\" sizes=\"(max-width: 871px) 100vw, 871px\" \/><\/div><\/div><\/div><\/div><\/div><\/div><\/div><\/section>\n","protected":false},"excerpt":{"rendered":"[vc_widget_sidebar sidebar_id=\"footer_first\"][vc_widget_sidebar sidebar_id=\"footer_second\"] \u00a9 Peter Teskal - B.E.A. 2020 V\u0161etky pr\u00e1va vyhraden\u00e9 Profil spolo\u010dnosti \u010cl\u00e1nky telefonia \u2013 VoIP \u00fastredne Referencie Podpora GDPR Kontakt","protected":false},"author":1,"featured_media":0,"parent":0,"menu_order":0,"comment_status":"closed","ping_status":"closed","template":"","meta":[],"_links":{"self":[{"href":"http:\/\/www.beakn.sk\/index.php\/wp-json\/wp\/v2\/pages\/26"}],"collection":[{"href":"http:\/\/www.beakn.sk\/index.php\/wp-json\/wp\/v2\/pages"}],"about":[{"href":"http:\/\/www.beakn.sk\/index.php\/wp-json\/wp\/v2\/types\/page"}],"author":[{"embeddable":true,"href":"http:\/\/www.beakn.sk\/index.php\/wp-json\/wp\/v2\/users\/1"}],"replies":[{"embeddable":true,"href":"http:\/\/www.beakn.sk\/index.php\/wp-json\/wp\/v2\/comments?post=26"}],"version-history":[{"count":7,"href":"http:\/\/www.beakn.sk\/index.php\/wp-json\/wp\/v2\/pages\/26\/revisions"}],"predecessor-version":[{"id":148,"href":"http:\/\/www.beakn.sk\/index.php\/wp-json\/wp\/v2\/pages\/26\/revisions\/148"}],"wp:attachment":[{"href":"http:\/\/www.beakn.sk\/index.php\/wp-json\/wp\/v2\/media?parent=26"}],"curies":[{"name":"wp","href":"https:\/\/api.w.org\/{rel}","templated":true}]}}