{"id":24,"date":"2016-05-02T20:40:04","date_gmt":"2016-05-02T18:40:04","guid":{"rendered":"http:\/\/www.beakn.sk\/testweb\/?page_id=24"},"modified":"2016-05-10T14:33:58","modified_gmt":"2016-05-10T12:33:58","slug":"kontakt","status":"publish","type":"page","link":"http:\/\/www.beakn.sk\/index.php\/kontakt\/","title":{"rendered":"Kontakt"},"content":{"rendered":"<section class=\"l-section wpb_row height_auto\"><div class=\"l-section-h i-cf\"><div class=\"g-cols type_default valign_top\"><div class=\"vc_col-sm-6 wpb_column vc_column_container\"><div class=\"vc_column-inner\"><div class=\"wpb_wrapper\">\r\n\t<div class=\"wpb_text_column \">\r\n\t\t<div class=\"wpb_wrapper\">\r\n\t\t\t<table>\n<tbody>\n<tr>\n<td><b>N\u00e1zov firmy:<\/b><\/td>\n<td><b>Peter Teskal &#8211; B.E.A.<\/b><\/td>\n<\/tr>\n<tr>\n<td><b>Adresa:<\/b><\/td>\n<td>Dunajsk\u00e9 n\u00e1bre\u017eie \u010d.39 , 945 01 Kom\u00e1rno<\/td>\n<\/tr>\n<tr>\n<td><b>Telef\u00f3n,fax:<\/b><\/td>\n<td>035 \/ 7733 333, 035\/2868888<\/td>\n<\/tr>\n<tr>\n<td><b>Mobil:<\/b><\/td>\n<td>0905-650-683<\/td>\n<\/tr>\n<tr>\n<td><\/td>\n<td><\/td>\n<\/tr>\n<tr>\n<td><b>e-mail:<\/b><\/td>\n<td><a href=\"mailto:info@beakn.sk\">info@beakn.sk<\/a><\/td>\n<\/tr>\n<tr>\n<td><b>I\u010cO:<\/b><\/td>\n<td>33 940 185<\/td>\n<\/tr>\n<tr>\n<td><b>I\u010c DPH<\/b><\/td>\n<td>SK1020358878<\/td>\n<\/tr>\n<\/tbody>\n<\/table>\n\r\n\t\t<\/div>\r\n\t<\/div>\r\n<\/div><\/div><\/div><div class=\"vc_col-sm-6 wpb_column vc_column_container\"><div class=\"vc_column-inner\"><div class=\"wpb_wrapper\">\r\n\t<div class=\"wpb_text_column \">\r\n\t\t<div class=\"wpb_wrapper\">\r\n\t\t\t<p><img decoding=\"async\" loading=\"lazy\" class=\"wp-image-58 alignright\" src=\"http:\/\/www.beakn.sk\/testweb\/wp-content\/uploads\/2016\/05\/smartphone-notebook-technology-calendar-300x200.jpg\" alt=\"smartphone-notebook-technology-calendar\" width=\"480\" height=\"320\" srcset=\"http:\/\/www.beakn.sk\/wp-content\/uploads\/2016\/05\/smartphone-notebook-technology-calendar-300x200.jpg 300w, http:\/\/www.beakn.sk\/wp-content\/uploads\/2016\/05\/smartphone-notebook-technology-calendar-768x512.jpg 768w, http:\/\/www.beakn.sk\/wp-content\/uploads\/2016\/05\/smartphone-notebook-technology-calendar-1024x683.jpg 1024w, http:\/\/www.beakn.sk\/wp-content\/uploads\/2016\/05\/smartphone-notebook-technology-calendar-600x400.jpg 600w\" sizes=\"(max-width: 480px) 100vw, 480px\" \/><\/p>\n\r\n\t\t<\/div>\r\n\t<\/div>\r\n<\/div><\/div><\/div><\/div><\/div><\/section><section class=\"l-section wpb_row height_auto\"><div class=\"l-section-h i-cf\"><div class=\"g-cols type_default valign_top\"><div class=\"vc_col-sm-12 wpb_column vc_column_container\"><div class=\"vc_column-inner\"><div class=\"wpb_wrapper\">\r\n\t<div class=\"wpb_text_column \">\r\n\t\t<div class=\"wpb_wrapper\">\r\n\t\t\t<p><strong>Mapa:<\/strong><\/p>\n\r\n\t\t<\/div>\r\n\t<\/div>\r\n<\/div><\/div><\/div><\/div><\/div><\/section><section class=\"l-section wpb_row height_auto\"><div class=\"l-section-h i-cf\"><div class=\"g-cols type_default valign_top\"><div class=\"vc_col-sm-12 wpb_column vc_column_container\"><div class=\"vc_column-inner\"><div class=\"wpb_wrapper\"><div id='wrap_map_69e1ba4205b9c' class='ultimate-map-wrapper ult-adjust-bottom-margin ' style=' height:300px;'><div id='map_69e1ba4205b9c' data-map_override='0' class='ultimate_google_map wpb_content_element page_margin_top' style='width:100%;height:300px;'><\/div><\/div><script type='text\/javascript'>\n\t\t\t(function($) {\n  \t\t\t'use strict';\n\t\t\tvar map_map_69e1ba4205b9c = null;\n\t\t\tvar coordinate_map_69e1ba4205b9c;\n\t\t\tvar isDraggable = $(document).width() > 641 ? true : true;\n\t\t\ttry\n\t\t\t{\n\t\t\t\tvar map_map_69e1ba4205b9c = null;\n\t\t\t\tvar coordinate_map_69e1ba4205b9c;\n\t\t\t\tcoordinate_map_69e1ba4205b9c=new google.maps.LatLng(47.76017, 18.11408);\n\t\t\t\tvar mapOptions=\n\t\t\t\t{\n\t\t\t\t\tzoom: 12,\n\t\t\t\t\tcenter: coordinate_map_69e1ba4205b9c,\n\t\t\t\t\tscaleControl: true,\n\t\t\t\t\tstreetViewControl: true,\n\t\t\t\t\tmapTypeControl: false,\n\t\t\t\t\tpanControl: false,\n\t\t\t\t\tzoomControl: false,\n\t\t\t\t\tscrollwheel: true,\n\t\t\t\t\tdraggable: isDraggable,\n\t\t\t\t\tzoomControlOptions: {\n\t\t\t\t\t\tposition: google.maps.ControlPosition.RIGHT_BOTTOM\n\t\t\t\t\t},mapTypeId: google.maps.MapTypeId.ROADMAP,};var map_map_69e1ba4205b9c = new google.maps.Map(document.getElementById('map_69e1ba4205b9c'),mapOptions);\n\t\t\t\t\t\tvar x = 'infowindow_open_value';\n\t\t\t\t\t\tvar marker_map_69e1ba4205b9c = new google.maps.Marker({\n\t\t\t\t\t\tposition: new google.maps.LatLng(47.76017, 18.11408),\n\t\t\t\t\t\tanimation:  google.maps.Animation.DROP,\n\t\t\t\t\t\tmap: map_map_69e1ba4205b9c,\n\t\t\t\t\t\ticon: ''\n\t\t\t\t\t});\n\t\t\t\t\tgoogle.maps.event.addListener(marker_map_69e1ba4205b9c, 'click', toggleBounce);}\n\t\t\tcatch(e){};\n\t\t\tjQuery(document).ready(function($){\n\t\t\t\tgoogle.maps.event.trigger(map_map_69e1ba4205b9c, 'resize');\n\t\t\t\t$(window).resize(function(){\n\t\t\t\t\tgoogle.maps.event.trigger(map_map_69e1ba4205b9c, 'resize');\n\t\t\t\t\tif(map_map_69e1ba4205b9c!=null)\n\t\t\t\t\t\tmap_map_69e1ba4205b9c.setCenter(coordinate_map_69e1ba4205b9c);\n\t\t\t\t});\n\t\t\t\t$('.ui-tabs').bind('tabsactivate', function(event, ui) {\n\t\t\t\t   if($(this).find('.ultimate-map-wrapper').length > 0)\n\t\t\t\t\t{\n\t\t\t\t\t\tsetTimeout(function(){\n\t\t\t\t\t\t\t$(window).trigger('resize');\n\t\t\t\t\t\t},200);\n\t\t\t\t\t}\n\t\t\t\t});\n\t\t\t\t$('.ui-accordion').bind('accordionactivate', function(event, ui) {\n\t\t\t\t   if($(this).find('.ultimate-map-wrapper').length > 0)\n\t\t\t\t\t{\n\t\t\t\t\t\tsetTimeout(function(){\n\t\t\t\t\t\t\t$(window).trigger('resize');\n\t\t\t\t\t\t},200);\n\t\t\t\t\t}\n\t\t\t\t});\n\t\t\t\t$(window).load(function(){\n\t\t\t\t\tsetTimeout(function(){\n\t\t\t\t\t\t$(window).trigger('resize');\n\t\t\t\t\t},200);\n\t\t\t\t});\n\t\t\t\t$('.ult_exp_section').select(function(){\n\t\t\t\t\tif($(map_map_69e1ba4205b9c).parents('.ult_exp_section'))\n\t\t\t\t\t{\n\t\t\t\t\t\tsetTimeout(function(){\n\t\t\t\t\t\t\t$(window).trigger('resize');\n\t\t\t\t\t\t},200);\n\t\t\t\t\t}\n\t\t\t\t});\n\t\t\t\t$(document).on('onUVCModalPopupOpen', function(){\n\t\t\t\t\tif($(map_map_69e1ba4205b9c).parents('.ult_modal-content'))\n\t\t\t\t\t{\n\t\t\t\t\t\tsetTimeout(function(){\n\t\t\t\t\t\t\t$(window).trigger('resize');\n\t\t\t\t\t\t},200);\n\t\t\t\t\t}\n\t\t\t\t});\n\t\t\t\t$(document).on('click','.ult_tab_li',function(){\n\t\t\t\t\t$(window).trigger('resize');\n\t\t\t\t\tsetTimeout(function(){\n\t\t\t\t\t\t$(window).trigger('resize');\n\t\t\t\t\t},200);\n\t\t\t\t});\n\t\t\t});\n\t\t\tfunction toggleBounce() {\n\t\t\t  if (marker_map_69e1ba4205b9c.getAnimation() != null) {\n\t\t\t\tmarker_map_69e1ba4205b9c.setAnimation(null);\n\t\t\t  } else {\n\t\t\t\tmarker_map_69e1ba4205b9c.setAnimation(google.maps.Animation.BOUNCE);\n\t\t\t  }\n\t\t\t}\n\t\t\t})(jQuery);\n\t\t\t<\/script>\r\n\t<div class=\"wpb_text_column \">\r\n\t\t<div class=\"wpb_wrapper\">\r\n\t\t\t\r\n\t\t<\/div>\r\n\t<\/div>\r\n<\/div><\/div><\/div><\/div><\/div><\/section>\n","protected":false},"excerpt":{"rendered":"[vc_widget_sidebar sidebar_id=\"footer_first\"][vc_widget_sidebar sidebar_id=\"footer_second\"] \u00a9 Peter Teskal - B.E.A. 2020 V\u0161etky pr\u00e1va vyhraden\u00e9 Profil spolo\u010dnosti \u010cl\u00e1nky telefonia \u2013 VoIP \u00fastredne Referencie Podpora GDPR Kontakt","protected":false},"author":1,"featured_media":0,"parent":0,"menu_order":0,"comment_status":"closed","ping_status":"closed","template":"","meta":[],"_links":{"self":[{"href":"http:\/\/www.beakn.sk\/index.php\/wp-json\/wp\/v2\/pages\/24"}],"collection":[{"href":"http:\/\/www.beakn.sk\/index.php\/wp-json\/wp\/v2\/pages"}],"about":[{"href":"http:\/\/www.beakn.sk\/index.php\/wp-json\/wp\/v2\/types\/page"}],"author":[{"embeddable":true,"href":"http:\/\/www.beakn.sk\/index.php\/wp-json\/wp\/v2\/users\/1"}],"replies":[{"embeddable":true,"href":"http:\/\/www.beakn.sk\/index.php\/wp-json\/wp\/v2\/comments?post=24"}],"version-history":[{"count":22,"href":"http:\/\/www.beakn.sk\/index.php\/wp-json\/wp\/v2\/pages\/24\/revisions"}],"predecessor-version":[{"id":162,"href":"http:\/\/www.beakn.sk\/index.php\/wp-json\/wp\/v2\/pages\/24\/revisions\/162"}],"wp:attachment":[{"href":"http:\/\/www.beakn.sk\/index.php\/wp-json\/wp\/v2\/media?parent=24"}],"curies":[{"name":"wp","href":"https:\/\/api.w.org\/{rel}","templated":true}]}}