{"id":22,"date":"2016-05-02T20:35:42","date_gmt":"2016-05-02T18:35:42","guid":{"rendered":"http:\/\/www.beakn.sk\/testweb\/?page_id=22"},"modified":"2016-05-10T14:30:09","modified_gmt":"2016-05-10T12:30:09","slug":"referencie","status":"publish","type":"page","link":"http:\/\/www.beakn.sk\/index.php\/referencie\/","title":{"rendered":"Referencie"},"content":{"rendered":"<section class=\"l-section wpb_row height_small\"><div class=\"l-section-h i-cf\"><div class=\"g-cols type_default valign_top\"><div class=\"vc_col-sm-3 wpb_column vc_column_container\"><div class=\"vc_column-inner\"><div class=\"wpb_wrapper\"><\/div><\/div><\/div><div class=\"vc_col-sm-6 wpb_column vc_column_container\"><div class=\"vc_column-inner\"><div class=\"wpb_wrapper\"><div class=\"w-image style_simple\"><div class=\"us-frame\"><img width=\"1024\" height=\"683\" src=\"http:\/\/www.beakn.sk\/wp-content\/uploads\/2016\/05\/HNCK4005-1024x683.jpg\" class=\"attachment-large size-large\" alt=\"\" decoding=\"async\" loading=\"lazy\" srcset=\"http:\/\/www.beakn.sk\/wp-content\/uploads\/2016\/05\/HNCK4005-1024x683.jpg 1024w, http:\/\/www.beakn.sk\/wp-content\/uploads\/2016\/05\/HNCK4005-300x200.jpg 300w, http:\/\/www.beakn.sk\/wp-content\/uploads\/2016\/05\/HNCK4005-768x512.jpg 768w, http:\/\/www.beakn.sk\/wp-content\/uploads\/2016\/05\/HNCK4005-600x400.jpg 600w, http:\/\/www.beakn.sk\/wp-content\/uploads\/2016\/05\/HNCK4005.jpg 1650w\" sizes=\"(max-width: 1024px) 100vw, 1024px\" \/><\/div><\/div><\/div><\/div><\/div><div class=\"vc_col-sm-3 wpb_column vc_column_container\"><div class=\"vc_column-inner\"><div class=\"wpb_wrapper\"><\/div><\/div><\/div><\/div><\/div><\/section><section class=\"l-section wpb_row height_auto\"><div class=\"l-section-h i-cf\"><div class=\"g-cols type_default valign_top\"><div class=\"vc_col-sm-12 wpb_column vc_column_container\"><div class=\"vc_column-inner\"><div class=\"wpb_wrapper\">\r\n\t<div class=\"wpb_text_column \">\r\n\t\t<div class=\"wpb_wrapper\">\r\n\t\t\t<table>\n<tbody>\n<tr>\n<td><b>V\u00fdber z na\u0161ich referenci\u00ed:<\/b><\/p>\n<ul>\n<li style=\"text-align: justify;\"><b>AGROCOOP Ime\u013e a.s. <\/b>&#8211; \u00a0 kompletn\u00e1 administr\u00e1cia IT infra\u0161trukt\u00fary<\/li>\n<li style=\"text-align: justify;\"><b>Spojen\u00e1 cirkevn\u00e1 \u0161kola\u00a0Marianum<\/b><b style=\"line-height: 1.5;\">\u00a0 &#8211;\u00a0<\/b>kompletn\u00e1 administr\u00e1cia IT infra\u0161trukt\u00fary, serverov\u00e9 rie\u0161enia na b\u00e1ze\u00a0 \u00a0 \u00a0 \u00a0 syst\u00e9mu Linux, hlasov\u00e9 rie\u0161enie pobo\u010dkovej \u00fastredne na viacer\u00fdch lokalit\u00e1ch \u0161koly<\/li>\n<li style=\"text-align: justify;\"><b>Clean City s.r.o. <\/b>&#8211; administr\u00e1cia IT<\/li>\n<li style=\"text-align: justify;\"><b>Chem-unio s.r.o.\u00a0<\/b>&#8211; administr\u00e1cia IT<\/li>\n<li style=\"text-align: justify;\"><b>IMG spol. s r.o.\u00a0<\/b>&#8211; administr\u00e1cia IT,VoIP pobo\u010dkov\u00e1 \u00fastred\u0148a<\/li>\n<li style=\"text-align: justify;\"><b>N\u00e1ru\u010d n.o. &#8211; <\/b>domov d\u00f4chodcov &#8211; kompletn\u00e1 administr\u00e1cia IT, hlasov\u00e9 rie\u0161enie virtu\u00e1lnej pobo\u010dkovej \u00fastredne (cloud) \u00a0na viacer\u00fdch lokalit\u00e1ch domova<\/li>\n<li style=\"text-align: justify;\"><strong>Neosped s.r.o., Neosped &#8211; Oto Bohil &#8211;<\/strong>\u00a0kompletn\u00e1 administr\u00e1cia IT infra\u0161trukt\u00fary, serverov\u00e9 rie\u0161enia na b\u00e1ze\u00a0 \u00a0 \u00a0 \u00a0 syst\u00e9mu Windows server, hlasov\u00e9 rie\u0161enie pobo\u010dkovej \u00fastredne prepojenie jednotliv\u00fdch \u00fastredn\u00ed medzi firmami<\/li>\n<li style=\"text-align: justify;\"><strong>Alternat\u00edva s.r.o. &#8211;<\/strong>\u00a0 \u00a0administr\u00e1cia IT,\u00a0serverov\u00e9 rie\u0161enia na b\u00e1ze syst\u00e9mu Windows server, VoIP pobo\u010dkov\u00e1 \u00fastred\u0148a<\/li>\n<li style=\"text-align: justify;\"><strong>Paragraf s.r.o. &#8211; <\/strong>\u00a0administr\u00e1cia IT,\u00a0serverov\u00e9 rie\u0161enie na b\u00e1ze syst\u00e9mu Windows server, prev\u00e1dzka mail servera \u00a0&#8211; Linux\/postfix, zabezpe\u010denie a monitoring z\u00e1lohovania<\/li>\n<li style=\"text-align: justify;\"><strong>VODATECH s.r.o.<\/strong> &#8211; v\u00fdvoj a programovania VoIP \u00fastredne <a href=\"http:\/\/www.vodatech.sk\">telefonia<\/a><\/li>\n<li style=\"text-align: justify;\"><strong>GAMEX TRADING s.r.o.<\/strong> &#8211; slu\u017eby IT prostredn\u00edctvom outsorcingu<\/li>\n<\/ul>\n<p>a mnoho \u010fa\u013e\u0161\u00edch<\/td>\n<td><\/td>\n<\/tr>\n<\/tbody>\n<\/table>\n\r\n\t\t<\/div>\r\n\t<\/div>\r\n<\/div><\/div><\/div><\/div><\/div><\/section>\n","protected":false},"excerpt":{"rendered":"[vc_widget_sidebar sidebar_id=\"footer_first\"][vc_widget_sidebar sidebar_id=\"footer_second\"] \u00a9 Peter Teskal - B.E.A. 2020 V\u0161etky pr\u00e1va vyhraden\u00e9 Profil spolo\u010dnosti \u010cl\u00e1nky telefonia \u2013 VoIP \u00fastredne Referencie Podpora GDPR Kontakt","protected":false},"author":1,"featured_media":0,"parent":0,"menu_order":0,"comment_status":"closed","ping_status":"closed","template":"","meta":[],"_links":{"self":[{"href":"http:\/\/www.beakn.sk\/index.php\/wp-json\/wp\/v2\/pages\/22"}],"collection":[{"href":"http:\/\/www.beakn.sk\/index.php\/wp-json\/wp\/v2\/pages"}],"about":[{"href":"http:\/\/www.beakn.sk\/index.php\/wp-json\/wp\/v2\/types\/page"}],"author":[{"embeddable":true,"href":"http:\/\/www.beakn.sk\/index.php\/wp-json\/wp\/v2\/users\/1"}],"replies":[{"embeddable":true,"href":"http:\/\/www.beakn.sk\/index.php\/wp-json\/wp\/v2\/comments?post=22"}],"version-history":[{"count":11,"href":"http:\/\/www.beakn.sk\/index.php\/wp-json\/wp\/v2\/pages\/22\/revisions"}],"predecessor-version":[{"id":158,"href":"http:\/\/www.beakn.sk\/index.php\/wp-json\/wp\/v2\/pages\/22\/revisions\/158"}],"wp:attachment":[{"href":"http:\/\/www.beakn.sk\/index.php\/wp-json\/wp\/v2\/media?parent=22"}],"curies":[{"name":"wp","href":"https:\/\/api.w.org\/{rel}","templated":true}]}}