{"id":19,"date":"2016-05-02T20:14:04","date_gmt":"2016-05-02T18:14:04","guid":{"rendered":"http:\/\/www.beakn.sk\/testweb\/?page_id=19"},"modified":"2016-05-10T14:26:58","modified_gmt":"2016-05-10T12:26:58","slug":"profil-spolocnosti","status":"publish","type":"page","link":"http:\/\/www.beakn.sk\/index.php\/profil-spolocnosti\/","title":{"rendered":"Profil spolo\u010dnosti"},"content":{"rendered":"<section class=\"l-section wpb_row height_small\"><div class=\"l-section-h i-cf\"><div class=\"g-cols type_default valign_top\"><div class=\"vc_col-sm-3 wpb_column vc_column_container\"><div class=\"vc_column-inner\"><div class=\"wpb_wrapper\"><\/div><\/div><\/div><div class=\"vc_col-sm-6 wpb_column vc_column_container\"><div class=\"vc_column-inner\"><div class=\"wpb_wrapper\"><div class=\"w-image style_simple\"><div class=\"us-frame\"><img width=\"1024\" height=\"710\" src=\"http:\/\/www.beakn.sk\/wp-content\/uploads\/2016\/05\/profil-1024x710.png\" class=\"attachment-large size-large\" alt=\"\" decoding=\"async\" loading=\"lazy\" srcset=\"http:\/\/www.beakn.sk\/wp-content\/uploads\/2016\/05\/profil-1024x710.png 1024w, http:\/\/www.beakn.sk\/wp-content\/uploads\/2016\/05\/profil-300x208.png 300w, http:\/\/www.beakn.sk\/wp-content\/uploads\/2016\/05\/profil-768x532.png 768w, http:\/\/www.beakn.sk\/wp-content\/uploads\/2016\/05\/profil-600x416.png 600w\" sizes=\"(max-width: 1024px) 100vw, 1024px\" \/><\/div><\/div><\/div><\/div><\/div><div class=\"vc_col-sm-3 wpb_column vc_column_container\"><div class=\"vc_column-inner\"><div class=\"wpb_wrapper\"><\/div><\/div><\/div><\/div><\/div><\/section><section class=\"l-section wpb_row height_auto\"><div class=\"l-section-h i-cf\"><div class=\"g-cols type_default valign_top\"><div class=\"vc_col-sm-12 wpb_column vc_column_container\"><div class=\"vc_column-inner\"><div class=\"wpb_wrapper\">\r\n\t<div class=\"wpb_text_column \">\r\n\t\t<div class=\"wpb_wrapper\">\r\n\t\t\t<p>Firma B.E.A. vznikla v roku 1998 a je zameran\u00e1 na predaj a slu\u017eby v oblasti v\u00fdpo\u010dtovej techniky. V\u010faka dlhoro\u010dn\u00fdm sk\u00fasenostiam poskytujeme na\u0161im z\u00e1kazn\u00edkom kvalitn\u00e9 a odborn\u00e9 slu\u017eby v oblasti informa\u010dn\u00fdch a telekomunika\u010dn\u00fdch technol\u00f3gi\u00ed.<\/p>\n<p>V s\u00fa\u010dasnosti firma pon\u00faka komplexn\u00fd sortiment slu\u017eieb z oblasti v\u00fdpo\u010dtovej techniky, predaj a servis po\u010d\u00edta\u010dov\u00fdch zost\u00e1v, softv\u00e9ru, slu\u017eby v oblasti budovania a administr\u00e1cie sie\u0165ov\u00fdch rie\u0161en\u00ed, budovanie a administr\u00e1ciu hlasov\u00fdch rie\u0161en\u00ed na b\u00e1ze VoIP (voice over IP &#8211; prenos hlasu cez Internet) na z\u00e1klade pobo\u010dkov\u00fdch \u00fastredn\u00ed <a href=\"http:\/\/www.vodatech.sk\">telefonia<\/a><\/p>\n<p>Na\u0161\u00edm cie\u013eom je poskytova\u0165 kvalitn\u00e9 slu\u017eby dynamicky sa prisp\u00f4sobuj\u00face potreb\u00e1m \u0161irok\u00e9ho spektra klientov.<\/p>\n\r\n\t\t<\/div>\r\n\t<\/div>\r\n<\/div><\/div><\/div><\/div><\/div><\/section>\n","protected":false},"excerpt":{"rendered":"[vc_widget_sidebar sidebar_id=\"footer_first\"][vc_widget_sidebar sidebar_id=\"footer_second\"] \u00a9 Peter Teskal - B.E.A. 2020 V\u0161etky pr\u00e1va vyhraden\u00e9 Profil spolo\u010dnosti \u010cl\u00e1nky telefonia \u2013 VoIP \u00fastredne Referencie Podpora GDPR Kontakt","protected":false},"author":1,"featured_media":0,"parent":0,"menu_order":0,"comment_status":"closed","ping_status":"closed","template":"","meta":[],"_links":{"self":[{"href":"http:\/\/www.beakn.sk\/index.php\/wp-json\/wp\/v2\/pages\/19"}],"collection":[{"href":"http:\/\/www.beakn.sk\/index.php\/wp-json\/wp\/v2\/pages"}],"about":[{"href":"http:\/\/www.beakn.sk\/index.php\/wp-json\/wp\/v2\/types\/page"}],"author":[{"embeddable":true,"href":"http:\/\/www.beakn.sk\/index.php\/wp-json\/wp\/v2\/users\/1"}],"replies":[{"embeddable":true,"href":"http:\/\/www.beakn.sk\/index.php\/wp-json\/wp\/v2\/comments?post=19"}],"version-history":[{"count":12,"href":"http:\/\/www.beakn.sk\/index.php\/wp-json\/wp\/v2\/pages\/19\/revisions"}],"predecessor-version":[{"id":120,"href":"http:\/\/www.beakn.sk\/index.php\/wp-json\/wp\/v2\/pages\/19\/revisions\/120"}],"wp:attachment":[{"href":"http:\/\/www.beakn.sk\/index.php\/wp-json\/wp\/v2\/media?parent=19"}],"curies":[{"name":"wp","href":"https:\/\/api.w.org\/{rel}","templated":true}]}}