{"id":123,"date":"2016-05-09T16:35:25","date_gmt":"2016-05-09T14:35:25","guid":{"rendered":"http:\/\/www.beakn.sk\/?page_id=123"},"modified":"2016-05-09T16:43:01","modified_gmt":"2016-05-09T14:43:01","slug":"podpora","status":"publish","type":"page","link":"http:\/\/www.beakn.sk\/index.php\/podpora\/","title":{"rendered":"Podpora"},"content":{"rendered":"<section class=\"l-section wpb_row height_medium\"><div class=\"l-section-h i-cf\"><div class=\"g-cols type_default valign_top\"><div class=\"vc_col-sm-12 wpb_column vc_column_container\"><div class=\"vc_column-inner\"><div class=\"wpb_wrapper\"><div class=\"w-image style_simple\"><div class=\"us-frame\"><img width=\"400\" height=\"91\" src=\"http:\/\/www.beakn.sk\/wp-content\/uploads\/2016\/05\/teamviewer.png\" class=\"attachment-large size-large\" alt=\"\" decoding=\"async\" loading=\"lazy\" srcset=\"http:\/\/www.beakn.sk\/wp-content\/uploads\/2016\/05\/teamviewer.png 400w, http:\/\/www.beakn.sk\/wp-content\/uploads\/2016\/05\/teamviewer-300x68.png 300w\" sizes=\"(max-width: 400px) 100vw, 400px\" \/><\/div><\/div><\/div><\/div><\/div><\/div><\/div><\/section><section class=\"l-section wpb_row height_medium\"><div class=\"l-section-h i-cf\"><div class=\"g-cols type_default valign_top\"><div class=\"vc_col-sm-12 wpb_column vc_column_container\"><div class=\"vc_column-inner\"><div class=\"wpb_wrapper\">\r\n\t<div class=\"wpb_text_column \">\r\n\t\t<div class=\"wpb_wrapper\">\r\n\t\t\t<p>Dnes je u\u017e samozrejmos\u0165ou vyu\u017eitie vzdialenej podpory pre mnoh\u00fdch na\u0161ich z\u00e1kazn\u00edkov. Na\u0161a firma vyu\u017e\u00edva na tento \u00fa\u010del modern\u00fd r\u00fdchly a spo\u013eahliv\u00fd n\u00e1stroj, u\u017e v\u0161eobecne zn\u00e1my program <strong>TeamViewer.<\/strong><\/p>\n<p>Sta\u010d\u00ed si ho stiahnu\u0165 kliknut\u00edm na\u00a0 <a href=\"http:\/\/www.beakn.sk\/download\/TeamViewerQS.exe\">TeamTiewerOS.exe\u00a0<\/a> spusti\u0165 ho, pri\u010dom je potrebne nadiktova\u0165 vygenerovan\u00e9 ID a heslo (men\u00ed sa pri ka\u017edom spusten\u00ed programu)\u00a0 a u\u017e sme schopn\u00ed sa k V\u00e1m pripoji\u0165 a rie\u0161i\u0165 V\u00e1s probl\u00e9m bez nutnosti k V\u00e1m vycestova\u0165.<\/p>\n<p>Program je mo\u017en\u00e9 in\u0161talova\u0165 aj plnohodnotne na po\u010d\u00edta\u010d s nepretr\u017eit\u00fdm vzdialen\u00fdm pr\u00edstupom, t\u00e1to mo\u017enos\u0165 sa vyu\u017e\u00edva u z\u00e1kazn\u00edkov s ktor\u00fdmi m\u00e1me uzatvoren\u00fa zmluvu o spolupr\u00e1ci, a umo\u017e\u0148uje n\u00e1m tak\u00fdmto sp\u00f4sobom spravova\u0165 ich zariadenia, vykon\u00e1va\u0165 periodick\u00e9 kontroly mimo pracovnej doby, minimalizuje sa v\u00fdpadok prev\u00e1dzky ich prostriedkov.<\/p>\n<p>Pre \u010fal\u0161ie inform\u00e1cie n\u00e1s pros\u00edm kontaktujte osobne !<\/p>\n\r\n\t\t<\/div>\r\n\t<\/div>\r\n<\/div><\/div><\/div><\/div><\/div><\/section>\n","protected":false},"excerpt":{"rendered":"[vc_widget_sidebar sidebar_id=\"footer_first\"][vc_widget_sidebar sidebar_id=\"footer_second\"] \u00a9 Peter Teskal - B.E.A. 2020 V\u0161etky pr\u00e1va vyhraden\u00e9 Profil spolo\u010dnosti \u010cl\u00e1nky telefonia \u2013 VoIP \u00fastredne Referencie Podpora GDPR Kontakt","protected":false},"author":1,"featured_media":0,"parent":0,"menu_order":0,"comment_status":"closed","ping_status":"closed","template":"","meta":[],"_links":{"self":[{"href":"http:\/\/www.beakn.sk\/index.php\/wp-json\/wp\/v2\/pages\/123"}],"collection":[{"href":"http:\/\/www.beakn.sk\/index.php\/wp-json\/wp\/v2\/pages"}],"about":[{"href":"http:\/\/www.beakn.sk\/index.php\/wp-json\/wp\/v2\/types\/page"}],"author":[{"embeddable":true,"href":"http:\/\/www.beakn.sk\/index.php\/wp-json\/wp\/v2\/users\/1"}],"replies":[{"embeddable":true,"href":"http:\/\/www.beakn.sk\/index.php\/wp-json\/wp\/v2\/comments?post=123"}],"version-history":[{"count":4,"href":"http:\/\/www.beakn.sk\/index.php\/wp-json\/wp\/v2\/pages\/123\/revisions"}],"predecessor-version":[{"id":129,"href":"http:\/\/www.beakn.sk\/index.php\/wp-json\/wp\/v2\/pages\/123\/revisions\/129"}],"wp:attachment":[{"href":"http:\/\/www.beakn.sk\/index.php\/wp-json\/wp\/v2\/media?parent=123"}],"curies":[{"name":"wp","href":"https:\/\/api.w.org\/{rel}","templated":true}]}}